{"id":13002,"date":"2022-12-09T12:06:33","date_gmt":"2022-12-09T12:06:33","guid":{"rendered":"https:\/\/www.bagseurope.com\/bedingungen-und-konditionen\/"},"modified":"2023-01-25T16:48:59","modified_gmt":"2023-01-25T16:48:59","slug":"bedingungen-und-konditionen","status":"publish","type":"page","link":"https:\/\/www.bagseurope.com\/de\/bedingungen-und-konditionen\/","title":{"rendered":"Bedingungen und Konditionen"},"content":{"rendered":"\t\t<div data-elementor-type=\"wp-page\" data-elementor-id=\"13002\" class=\"elementor elementor-13002 elementor-11337\">\n\t\t\t\t\t\t<section class=\"wd-negative-gap elementor-section elementor-top-section elementor-element elementor-element-28d13627 elementor-section-boxed elementor-section-height-default elementor-section-height-default\" data-id=\"28d13627\" data-element_type=\"section\" data-e-type=\"section\">\n\t\t\t\t\t\t<div class=\"elementor-container elementor-column-gap-default\">\n\t\t\t\t\t<div class=\"elementor-column elementor-col-100 elementor-top-column elementor-element elementor-element-caa5f8b\" data-id=\"caa5f8b\" data-element_type=\"column\" data-e-type=\"column\">\n\t\t\t<div class=\"elementor-widget-wrap elementor-element-populated\">\n\t\t\t\t\t\t<div class=\"elementor-element elementor-element-17630e28 color-scheme-inherit text-left elementor-widget elementor-widget-text-editor\" data-id=\"17630e28\" data-element_type=\"widget\" data-e-type=\"widget\" data-widget_type=\"text-editor.default\">\n\t\t\t\t<div class=\"elementor-widget-container\">\n\t\t\t\t\t\t\t\t\t<p style=\"text-align: center;\"><strong><u>BEDINGUNGEN UND KONDITIONEN<\/u><\/strong><\/p>\n<p>Diese Allgemeinen Gesch\u00e4ftsbedingungen (die &#8222;Allgemeinen Gesch\u00e4ftsbedingungen&#8220;) regeln die Nutzung von <strong>www.bagseurope.com<\/strong> (die &#8222;Website&#8220;). Diese Website ist Eigentum der GM Dynamik GmbH und wird von ihr betrieben. Diese Website ist eine E-Commerce-Website.<\/p>\n<p>Durch die Nutzung dieser Website erkl\u00e4ren Sie, dass Sie diese Bedingungen gelesen und verstanden haben und sich verpflichten, sie jederzeit einzuhalten.<\/p>\n<p>DIESE GESCH\u00c4FTSBEDINGUNGEN ENTHALTEN EINE STREITBEILEGUNGSKLAUSEL, DIE SICH AUF IHRE RECHTE BEI DER BEILEGUNG VON STREITIGKEITEN AUSWIRKT. BITTE LESEN SIE IHN SORGF\u00c4LTIG.<\/p>\n<p><strong><u>Geistiges Eigentum<\/u><\/strong><br \/>Alle Inhalte, die auf unserer Website ver\u00f6ffentlicht und zur Verf\u00fcgung gestellt werden, sind Eigentum der GM Dynamik GmbH und der Ersteller der Website. Dazu geh\u00f6ren unter anderem Bilder, Texte, Logos, Dokumente, herunterladbare Dateien und alles, was zur Gestaltung unserer Website beitr\u00e4gt.<\/p>\n<p><strong><u>Waren und Dienstleistungen von Dritten<\/u><\/strong><br \/>Unsere Website kann Waren und Dienstleistungen von Dritten anbieten. Wir k\u00f6nnen nicht f\u00fcr die Qualit\u00e4t oder Richtigkeit von Waren und Dienstleistungen garantieren, die von Dritten auf unserer Website angeboten werden.<\/p>\n<p><strong><u>Beschr\u00e4nkung der Haftung<\/u><\/strong><br \/>GM Dynamik GmbH und unsere Direktoren, leitenden Angestellten, Vertreter, Mitarbeiter, Tochtergesellschaften und verbundenen Unternehmen haften nicht f\u00fcr Handlungen, Anspr\u00fcche, Verluste, Sch\u00e4den, Verbindlichkeiten und Kosten, einschlie\u00dflich Anwaltskosten, die sich aus Ihrer Nutzung der Website ergeben.<\/p>\n<p><strong><u>Entsch\u00e4digung<\/u><\/strong><br \/>Sofern dies nicht gesetzlich verboten ist, halten Sie GM Dynamik GmbH und unsere Direktoren, leitenden Angestellten, Vertreter, Mitarbeiter, Tochtergesellschaften und verbundenen Unternehmen schadlos von allen Klagen, Anspr\u00fcchen, Verlusten, Sch\u00e4den, Haftungen und Ausgaben, einschlie\u00dflich Anwaltskosten, die sich aus Ihrer Nutzung unserer Website oder Ihrer Verletzung dieser Bedingungen ergeben.<\/p>\n<p><strong><u>Anwendbares Recht<\/u><\/strong><br \/>Diese Allgemeinen Gesch\u00e4ftsbedingungen unterliegen den Gesetzen des Staates Georgia.<\/p>\n<p><strong><u>Streitbeilegung<\/u><\/strong><br \/>Vorbehaltlich der in diesen Bedingungen genannten Ausnahmen vereinbaren Sie und GM Dynamik GmbH f\u00fcr den Fall, dass Sie und GM Dynamik GmbH nicht in der Lage sind, eine Streitigkeit durch eine informelle Diskussion zu l\u00f6sen, die Angelegenheit zun\u00e4chst einem nicht bindenden Schlichter und im Falle des Scheiterns der Schlichtung einem Schiedsrichter vorzulegen. Die Entscheidung des Schiedsrichters ist endg\u00fcltig und bindend. Jeder Vermittler oder Schlichter muss eine neutrale Partei sein, die sowohl von Ihnen als auch von GM Dynamik GmbH akzeptiert wird. Die Kosten der Schlichtung oder des Schiedsverfahrens tr\u00e4gt die unterlegene Partei.<\/p>\n<p>Ungeachtet anderer Bestimmungen in diesen Nutzungsbedingungen stimmen Sie und GM Dynamik GmbH darin \u00fcberein, dass Sie beide das Recht haben, eine Klage bei einem Gericht f\u00fcr geringf\u00fcgige Forderungen einzureichen und eine Klage auf Unterlassung oder Verletzung geistigen Eigentums zu erheben.<\/p>\n<p><strong><u>Trennbarkeit<\/u><\/strong><br \/>Sollte sich zu irgendeinem Zeitpunkt herausstellen, dass eine der in diesen Allgemeinen Gesch\u00e4ftsbedingungen enthaltenen Bestimmungen nach geltendem Recht widerspr\u00fcchlich oder ung\u00fcltig ist, gelten diese Bestimmungen als nichtig und werden aus diesen Allgemeinen Gesch\u00e4ftsbedingungen entfernt. Alle anderen Bestimmungen bleiben von der Streichung unber\u00fchrt, und die \u00fcbrigen Bestimmungen dieser Gesch\u00e4ftsbedingungen behalten ihre G\u00fcltigkeit.<\/p>\n<p><strong><u>\u00c4nderungen<\/u><\/strong><br \/>Diese Bedingungen k\u00f6nnen von Zeit zu Zeit ge\u00e4ndert werden, um die Einhaltung der Gesetze zu gew\u00e4hrleisten und um \u00c4nderungen in der Art und Weise widerzuspiegeln, wie wir unsere Website betreiben und wie wir das Verhalten der Benutzer auf unserer Website erwarten. Wir benachrichtigen die Nutzer per E-Mail \u00fcber \u00c4nderungen dieser Gesch\u00e4ftsbedingungen oder ver\u00f6ffentlichen einen Hinweis auf unserer Website.<\/p>\n<p><strong><u>Kontakt Details<\/u><\/strong><br \/>Bitte kontaktieren Sie uns, wenn Sie Fragen oder Bedenken haben. Unsere Kontaktdaten lauten wie folgt:<\/p>\n<p><strong>Telefon:<\/strong> +49 176 30347749<br \/><strong>E-Mail:<\/strong> info@gmdynamik.com<br \/>Nottepfad 25 14089 Berlin 14089 Nottepfad \/ Berlin<\/p>\n<p>Sie k\u00f6nnen <a href=\"https:\/\/www.bagseurope.com\/contact-us\/\">uns<\/a> auch \u00fcber das auf unserer Website verf\u00fcgbare Feedback-Formular <a href=\"https:\/\/www.bagseurope.com\/contact-us\/\">kontaktieren<\/a>.<\/p>\n\t\t\t\t\t\t\t\t<\/div>\n\t\t\t\t<\/div>\n\t\t\t\t\t<\/div>\n\t\t<\/div>\n\t\t\t\t\t<\/div>\n\t\t<\/section>\n\t\t\t\t<\/div>\n\t\t","protected":false},"excerpt":{"rendered":"<p>BEDINGUNGEN UND KONDITIONEN Diese Allgemeinen Gesch\u00e4ftsbedingungen (die &#8222;Allgemeinen Gesch\u00e4ftsbedingungen&#8220;) regeln die Nutzung von www.bagseurope.com (die &#8222;Website&#8220;). Diese Website ist Eigentum<\/p>\n","protected":false},"author":1,"featured_media":0,"parent":0,"menu_order":0,"comment_status":"closed","ping_status":"closed","template":"","meta":{"footnotes":""},"class_list":["post-13002","page","type-page","status-publish","hentry"],"_links":{"self":[{"href":"https:\/\/www.bagseurope.com\/de\/wp-json\/wp\/v2\/pages\/13002","targetHints":{"allow":["GET"]}}],"collection":[{"href":"https:\/\/www.bagseurope.com\/de\/wp-json\/wp\/v2\/pages"}],"about":[{"href":"https:\/\/www.bagseurope.com\/de\/wp-json\/wp\/v2\/types\/page"}],"author":[{"embeddable":true,"href":"https:\/\/www.bagseurope.com\/de\/wp-json\/wp\/v2\/users\/1"}],"replies":[{"embeddable":true,"href":"https:\/\/www.bagseurope.com\/de\/wp-json\/wp\/v2\/comments?post=13002"}],"version-history":[{"count":1,"href":"https:\/\/www.bagseurope.com\/de\/wp-json\/wp\/v2\/pages\/13002\/revisions"}],"predecessor-version":[{"id":13004,"href":"https:\/\/www.bagseurope.com\/de\/wp-json\/wp\/v2\/pages\/13002\/revisions\/13004"}],"wp:attachment":[{"href":"https:\/\/www.bagseurope.com\/de\/wp-json\/wp\/v2\/media?parent=13002"}],"curies":[{"name":"wp","href":"https:\/\/api.w.org\/{rel}","templated":true}]}}