{"id":15897,"date":"2025-03-21T05:35:21","date_gmt":"2025-03-21T05:35:21","guid":{"rendered":"https:\/\/www.bagseurope.com\/zertifikate\/"},"modified":"2025-05-28T09:15:30","modified_gmt":"2025-05-28T09:15:30","slug":"zertifikate","status":"publish","type":"page","link":"https:\/\/www.bagseurope.com\/de\/zertifikate\/","title":{"rendered":"Zertifikate"},"content":{"rendered":"\t\t<div data-elementor-type=\"wp-page\" data-elementor-id=\"15897\" class=\"elementor elementor-15897 elementor-15835\">\n\t\t\t\t\t\t<section class=\"wd-negative-gap elementor-section elementor-top-section elementor-element elementor-element-6f0129cc elementor-section-content-top elementor-section-boxed elementor-section-height-default elementor-section-height-default\" data-id=\"6f0129cc\" data-element_type=\"section\" data-e-type=\"section\">\n\t\t\t\t\t\t<div class=\"elementor-container elementor-column-gap-default\">\n\t\t\t\t\t<div class=\"elementor-column elementor-col-33 elementor-top-column elementor-element elementor-element-5dbb569b wd-elementor-sticky-column wd_sticky_offset_150\" data-id=\"5dbb569b\" data-element_type=\"column\" data-e-type=\"column\">\n\t\t\t<div class=\"elementor-widget-wrap elementor-element-populated\">\n\t\t\t\t\t\t<section class=\"wd-negative-gap elementor-section elementor-inner-section elementor-element elementor-element-29bee90b elementor-section-boxed elementor-section-height-default elementor-section-height-default\" data-id=\"29bee90b\" data-element_type=\"section\" data-e-type=\"section\">\n\t\t\t\t\t\t<div class=\"elementor-container elementor-column-gap-default\">\n\t\t\t\t\t<div class=\"elementor-column elementor-col-100 elementor-inner-column elementor-element elementor-element-6ae06744\" data-id=\"6ae06744\" data-element_type=\"column\" data-e-type=\"column\">\n\t\t\t<div class=\"elementor-widget-wrap elementor-element-populated\">\n\t\t\t\t\t\t<div class=\"elementor-element elementor-element-f97434e wd-width-100 elementor-widget elementor-widget-wd_title\" data-id=\"f97434e\" data-element_type=\"widget\" data-e-type=\"widget\" data-widget_type=\"wd_title.default\">\n\t\t\t\t<div class=\"elementor-widget-container\">\n\t\t\t\t\t\t\t<div class=\"title-wrapper wd-set-mb reset-last-child wd-title-color-default wd-title-style-default wd-title-size-default text-left\">\n\n\t\t\t\n\t\t\t<div class=\"liner-continer\">\n\t\t\t\t<h4 class=\"woodmart-title-container title wd-fontsize-l\">Unsere Zertifikate<\/h4> \n\t\t\t\t\t\t\t<\/div>\n\n\t\t\t\t\t<\/div>\n\t\t\t\t\t\t<\/div>\n\t\t\t\t<\/div>\n\t\t\t\t<div class=\"elementor-element elementor-element-2eb12c4e elementor-widget elementor-widget-wd_text_block\" data-id=\"2eb12c4e\" data-element_type=\"widget\" data-e-type=\"widget\" data-widget_type=\"wd_text_block.default\">\n\t\t\t\t<div class=\"elementor-widget-container\">\n\t\t\t\t\t\t\t<div class=\"wd-text-block reset-last-child text-left\">\n\t\t\t\n\t\t\t<p>Wir verf\u00fcgen \u00fcber die Qualit\u00e4tszertifikate ISO 9001 f\u00fcr Qualit\u00e4tsmanagement, ISO 14001 f\u00fcr Umweltmanagementsysteme, ISO 45001 f\u00fcr Gesundheit und Sicherheit am Arbeitsplatz, ISO 10002 f\u00fcr Kundenzufriedenheit und ISO 27001 f\u00fcr Informationssicherheits-Managementsysteme, die unseren Unternehmen einen Mehrwert bieten, um durch die Erreichung internationaler Standards ein effektives Qualit\u00e4tsmanagementsystem zu schaffen. Wir setzen unsere Arbeit im Rahmen des ISO 22301 Business Continuity Management System-Zertifikats fort.<\/p><p><img loading=\"lazy\" decoding=\"async\" class=\"aligncenter wp-image-26516 size-large\" src=\"https:\/\/www.netbilisim-tr.com\/wp-content\/uploads\/2025\/03\/iso-ikonlari-1024x149.png\" sizes=\"auto, (max-width: 1024px) 100vw, 1024px\" srcset=\"https:\/\/www.netbilisim-tr.com\/wp-content\/uploads\/2025\/03\/iso-ikonlari-1024x149.png 1024w, https:\/\/www.netbilisim-tr.com\/wp-content\/uploads\/2025\/03\/iso-ikonlari-300x44.png 300 W, https:\/\/www.netbilisim-tr.com\/wp-content\/uploads\/2025\/03\/iso-ikonlari-768x112.png 768 W, https:\/\/www.netbilisim-tr.com\/wp-content\/uploads\/2025\/03\/iso-ikonlari-1536x223.png 1536 W, https:\/\/www.netbilisim-tr.com\/wp-content\/uploads\/2025\/03\/iso-ikonlari-2048x297.png 2048 W, https:\/\/www.netbilisim-tr.com\/wp-content\/uploads\/2025\/03\/iso-ikonlari-900x131.png 900 W, https:\/\/www.netbilisim-tr.com\/wp-content\/uploads\/2025\/03\/iso-ikonlari-600x87.png 600w\" alt=\"\" width=\"1024\" height=\"149\" \/><\/p>\n\t\t\t\t\t<\/div>\n\t\t\t\t\t\t<\/div>\n\t\t\t\t<\/div>\n\t\t\t\t\t<\/div>\n\t\t<\/div>\n\t\t\t\t\t<\/div>\n\t\t<\/section>\n\t\t\t\t\t<\/div>\n\t\t<\/div>\n\t\t\t\t<div class=\"elementor-column elementor-col-66 elementor-top-column elementor-element elementor-element-112048e3\" data-id=\"112048e3\" data-element_type=\"column\" data-e-type=\"column\">\n\t\t\t<div class=\"elementor-widget-wrap elementor-element-populated\">\n\t\t\t\t\t\t<div class=\"elementor-element elementor-element-34364c0d wd-width-100 elementor-widget elementor-widget-wd_images_gallery\" data-id=\"34364c0d\" data-element_type=\"widget\" data-e-type=\"widget\" data-widget_type=\"wd_images_gallery.default\">\n\t\t\t\t<div class=\"elementor-widget-container\">\n\t\t\t\t\t\t\t<div class=\"wd-images-gallery photoswipe-images\" style=\"--wd-align-items:center; --wd-justify-content:center;\">\n\t\t\t\t\t\t<div class=\"wd-grid-g\" style=\"--wd-col-lg:2;--wd-col-md:2;--wd-col-sm:1;--wd-gap-lg:20px;--wd-gap-sm:10px;\" >\n\t\t\t\t\t\t\t\t\t\t\t\t\t\t\t\t\t\t<div class=\"wd-gallery-item wd-col\">\n\t\t\t\t\t\t\t\t\t\t\t\t\t<a  href=\"https:\/\/www.bagseurope.com\/wp-content\/uploads\/2025\/03\/netbilisim.jpg\" data-width=\"751\" data-height=\"1024\" data-index=\"1\" data-elementor-open-lightbox=\"no\">\n\t\t\t\t\t\t\n\t\t\t\t\t\t<img loading=\"lazy\" decoding=\"async\" width=\"751\" height=\"1024\" src=\"https:\/\/www.bagseurope.com\/wp-content\/uploads\/2025\/03\/netbilisim.jpg\" class=\"attachment-full size-full\" alt=\"netbilisim\" srcset=\"https:\/\/www.bagseurope.com\/wp-content\/uploads\/2025\/03\/netbilisim.jpg 751w, https:\/\/www.bagseurope.com\/wp-content\/uploads\/2025\/03\/netbilisim-220x300.jpg 220w, https:\/\/www.bagseurope.com\/wp-content\/uploads\/2025\/03\/netbilisim-587x800.jpg 587w, https:\/\/www.bagseurope.com\/wp-content\/uploads\/2025\/03\/netbilisim-430x586.jpg 430w, https:\/\/www.bagseurope.com\/wp-content\/uploads\/2025\/03\/netbilisim-700x954.jpg 700w, https:\/\/www.bagseurope.com\/wp-content\/uploads\/2025\/03\/netbilisim-150x205.jpg 150w\" sizes=\"auto, (max-width: 751px) 100vw, 751px\" \/>\n\t\t\t\t\t\t\t\t\t\t\t\t\t<\/a>\n\t\t\t\t\t\t\t\t\t\t\t<\/div>\n\t\t\t\t\t\t\t\t\t\t\t\t\t\t\t<div class=\"wd-gallery-item wd-col\">\n\t\t\t\t\t\t\t\t\t\t\t\t\t<a  href=\"https:\/\/www.bagseurope.com\/wp-content\/uploads\/2025\/05\/iso-27001.png\" data-width=\"751\" data-height=\"1024\" data-index=\"2\" data-elementor-open-lightbox=\"no\">\n\t\t\t\t\t\t\n\t\t\t\t\t\t<img loading=\"lazy\" decoding=\"async\" width=\"751\" height=\"1024\" src=\"https:\/\/www.bagseurope.com\/wp-content\/uploads\/2025\/05\/iso-27001.png\" class=\"attachment-full size-full\" alt=\"iso 27001\" srcset=\"https:\/\/www.bagseurope.com\/wp-content\/uploads\/2025\/05\/iso-27001.png 751w, https:\/\/www.bagseurope.com\/wp-content\/uploads\/2025\/05\/iso-27001-220x300.png 220w, https:\/\/www.bagseurope.com\/wp-content\/uploads\/2025\/05\/iso-27001-587x800.png 587w, https:\/\/www.bagseurope.com\/wp-content\/uploads\/2025\/05\/iso-27001-430x586.png 430w, https:\/\/www.bagseurope.com\/wp-content\/uploads\/2025\/05\/iso-27001-700x954.png 700w, https:\/\/www.bagseurope.com\/wp-content\/uploads\/2025\/05\/iso-27001-150x205.png 150w\" sizes=\"auto, (max-width: 751px) 100vw, 751px\" \/>\n\t\t\t\t\t\t\t\t\t\t\t\t\t<\/a>\n\t\t\t\t\t\t\t\t\t\t\t<\/div>\n\t\t\t\t\t\t\t\t\t\t\t\t\t\t\t<div class=\"wd-gallery-item wd-col\">\n\t\t\t\t\t\t\t\t\t\t\t\t\t<a  href=\"https:\/\/www.bagseurope.com\/wp-content\/uploads\/2025\/05\/iso-14001.png\" data-width=\"751\" data-height=\"1024\" data-index=\"3\" data-elementor-open-lightbox=\"no\">\n\t\t\t\t\t\t\n\t\t\t\t\t\t<img loading=\"lazy\" decoding=\"async\" width=\"751\" height=\"1024\" src=\"https:\/\/www.bagseurope.com\/wp-content\/uploads\/2025\/05\/iso-14001.png\" class=\"attachment-full size-full\" alt=\"iso 14001\" srcset=\"https:\/\/www.bagseurope.com\/wp-content\/uploads\/2025\/05\/iso-14001.png 751w, https:\/\/www.bagseurope.com\/wp-content\/uploads\/2025\/05\/iso-14001-220x300.png 220w, https:\/\/www.bagseurope.com\/wp-content\/uploads\/2025\/05\/iso-14001-587x800.png 587w, https:\/\/www.bagseurope.com\/wp-content\/uploads\/2025\/05\/iso-14001-430x586.png 430w, https:\/\/www.bagseurope.com\/wp-content\/uploads\/2025\/05\/iso-14001-700x954.png 700w, https:\/\/www.bagseurope.com\/wp-content\/uploads\/2025\/05\/iso-14001-150x205.png 150w\" sizes=\"auto, (max-width: 751px) 100vw, 751px\" \/>\n\t\t\t\t\t\t\t\t\t\t\t\t\t<\/a>\n\t\t\t\t\t\t\t\t\t\t\t<\/div>\n\t\t\t\t\t\t\t\t\t\t\t\t\t\t\t<div class=\"wd-gallery-item wd-col\">\n\t\t\t\t\t\t\t\t\t\t\t\t\t<a  href=\"https:\/\/www.bagseurope.com\/wp-content\/uploads\/2025\/05\/iso-9001.png\" data-width=\"751\" data-height=\"1024\" data-index=\"4\" data-elementor-open-lightbox=\"no\">\n\t\t\t\t\t\t\n\t\t\t\t\t\t<img loading=\"lazy\" decoding=\"async\" width=\"751\" height=\"1024\" src=\"https:\/\/www.bagseurope.com\/wp-content\/uploads\/2025\/05\/iso-9001.png\" class=\"attachment-full size-full\" alt=\"iso 9001\" srcset=\"https:\/\/www.bagseurope.com\/wp-content\/uploads\/2025\/05\/iso-9001.png 751w, https:\/\/www.bagseurope.com\/wp-content\/uploads\/2025\/05\/iso-9001-220x300.png 220w, https:\/\/www.bagseurope.com\/wp-content\/uploads\/2025\/05\/iso-9001-587x800.png 587w, https:\/\/www.bagseurope.com\/wp-content\/uploads\/2025\/05\/iso-9001-430x586.png 430w, https:\/\/www.bagseurope.com\/wp-content\/uploads\/2025\/05\/iso-9001-700x954.png 700w, https:\/\/www.bagseurope.com\/wp-content\/uploads\/2025\/05\/iso-9001-150x205.png 150w\" sizes=\"auto, (max-width: 751px) 100vw, 751px\" \/>\n\t\t\t\t\t\t\t\t\t\t\t\t\t<\/a>\n\t\t\t\t\t\t\t\t\t\t\t<\/div>\n\t\t\t\t\t\t\t\t\t\t\t\t\t\t\t<div class=\"wd-gallery-item wd-col\">\n\t\t\t\t\t\t\t\t\t\t\t\t\t<a  href=\"https:\/\/www.bagseurope.com\/wp-content\/uploads\/2025\/05\/iso-10002.png\" data-width=\"751\" data-height=\"1024\" data-index=\"5\" data-elementor-open-lightbox=\"no\">\n\t\t\t\t\t\t\n\t\t\t\t\t\t<img loading=\"lazy\" decoding=\"async\" width=\"751\" height=\"1024\" src=\"https:\/\/www.bagseurope.com\/wp-content\/uploads\/2025\/05\/iso-10002.png\" class=\"attachment-full size-full\" alt=\"iso 10002\" srcset=\"https:\/\/www.bagseurope.com\/wp-content\/uploads\/2025\/05\/iso-10002.png 751w, https:\/\/www.bagseurope.com\/wp-content\/uploads\/2025\/05\/iso-10002-220x300.png 220w, https:\/\/www.bagseurope.com\/wp-content\/uploads\/2025\/05\/iso-10002-587x800.png 587w, https:\/\/www.bagseurope.com\/wp-content\/uploads\/2025\/05\/iso-10002-430x586.png 430w, https:\/\/www.bagseurope.com\/wp-content\/uploads\/2025\/05\/iso-10002-700x954.png 700w, https:\/\/www.bagseurope.com\/wp-content\/uploads\/2025\/05\/iso-10002-150x205.png 150w\" sizes=\"auto, (max-width: 751px) 100vw, 751px\" \/>\n\t\t\t\t\t\t\t\t\t\t\t\t\t<\/a>\n\t\t\t\t\t\t\t\t\t\t\t<\/div>\n\t\t\t\t\t\t\t\t\t\t\t\t\t\t\t<div class=\"wd-gallery-item wd-col\">\n\t\t\t\t\t\t\t\t\t\t\t\t\t<a  href=\"https:\/\/www.bagseurope.com\/wp-content\/uploads\/2025\/03\/netbilisim.jpg\" data-width=\"751\" data-height=\"1024\" data-index=\"6\" data-elementor-open-lightbox=\"no\">\n\t\t\t\t\t\t\n\t\t\t\t\t\t<img loading=\"lazy\" decoding=\"async\" width=\"751\" height=\"1024\" src=\"https:\/\/www.bagseurope.com\/wp-content\/uploads\/2025\/03\/netbilisim.jpg\" class=\"attachment-full size-full\" alt=\"netbilisim\" srcset=\"https:\/\/www.bagseurope.com\/wp-content\/uploads\/2025\/03\/netbilisim.jpg 751w, https:\/\/www.bagseurope.com\/wp-content\/uploads\/2025\/03\/netbilisim-220x300.jpg 220w, https:\/\/www.bagseurope.com\/wp-content\/uploads\/2025\/03\/netbilisim-587x800.jpg 587w, https:\/\/www.bagseurope.com\/wp-content\/uploads\/2025\/03\/netbilisim-430x586.jpg 430w, https:\/\/www.bagseurope.com\/wp-content\/uploads\/2025\/03\/netbilisim-700x954.jpg 700w, https:\/\/www.bagseurope.com\/wp-content\/uploads\/2025\/03\/netbilisim-150x205.jpg 150w\" sizes=\"auto, (max-width: 751px) 100vw, 751px\" \/>\n\t\t\t\t\t\t\t\t\t\t\t\t\t<\/a>\n\t\t\t\t\t\t\t\t\t\t\t<\/div>\n\t\t\t\t\t\t\t\t\t\t\t\t\t<\/div>\n\t\t\t\t\t<\/div>\n\t\t\t\t\t\t<\/div>\n\t\t\t\t<\/div>\n\t\t\t\t\t<\/div>\n\t\t<\/div>\n\t\t\t\t\t<\/div>\n\t\t<\/section>\n\t\t\t\t<\/div>\n\t\t","protected":false},"excerpt":{"rendered":"<p>Unsere Zertifikate Wir verf\u00fcgen \u00fcber die Qualit\u00e4tszertifikate ISO 9001 f\u00fcr Qualit\u00e4tsmanagement, ISO 14001 f\u00fcr Umweltmanagementsysteme, ISO 45001 f\u00fcr Gesundheit und<\/p>\n","protected":false},"author":1,"featured_media":0,"parent":0,"menu_order":0,"comment_status":"closed","ping_status":"closed","template":"","meta":{"footnotes":""},"class_list":["post-15897","page","type-page","status-publish","hentry"],"_links":{"self":[{"href":"https:\/\/www.bagseurope.com\/de\/wp-json\/wp\/v2\/pages\/15897","targetHints":{"allow":["GET"]}}],"collection":[{"href":"https:\/\/www.bagseurope.com\/de\/wp-json\/wp\/v2\/pages"}],"about":[{"href":"https:\/\/www.bagseurope.com\/de\/wp-json\/wp\/v2\/types\/page"}],"author":[{"embeddable":true,"href":"https:\/\/www.bagseurope.com\/de\/wp-json\/wp\/v2\/users\/1"}],"replies":[{"embeddable":true,"href":"https:\/\/www.bagseurope.com\/de\/wp-json\/wp\/v2\/comments?post=15897"}],"version-history":[{"count":10,"href":"https:\/\/www.bagseurope.com\/de\/wp-json\/wp\/v2\/pages\/15897\/revisions"}],"predecessor-version":[{"id":16114,"href":"https:\/\/www.bagseurope.com\/de\/wp-json\/wp\/v2\/pages\/15897\/revisions\/16114"}],"wp:attachment":[{"href":"https:\/\/www.bagseurope.com\/de\/wp-json\/wp\/v2\/media?parent=15897"}],"curies":[{"name":"wp","href":"https:\/\/api.w.org\/{rel}","templated":true}]}}