{"id":16540,"date":"2025-09-16T08:58:06","date_gmt":"2025-09-16T08:58:06","guid":{"rendered":"https:\/\/www.bagseurope.com\/?page_id=16540"},"modified":"2025-09-16T11:09:31","modified_gmt":"2025-09-16T11:09:31","slug":"offer-form-information-text","status":"publish","type":"page","link":"https:\/\/www.bagseurope.com\/de\/offer-form-information-text\/","title":{"rendered":"Offer Form Information Text"},"content":{"rendered":"\t\t<div data-elementor-type=\"wp-page\" data-elementor-id=\"16540\" class=\"elementor elementor-16540\">\n\t\t\t\t\t\t<section class=\"wd-negative-gap elementor-section elementor-top-section elementor-element elementor-element-848cffb elementor-section-boxed elementor-section-height-default elementor-section-height-default\" data-id=\"848cffb\" data-element_type=\"section\" data-e-type=\"section\">\n\t\t\t\t\t\t<div class=\"elementor-container elementor-column-gap-default\">\n\t\t\t\t\t<div class=\"elementor-column elementor-col-100 elementor-top-column elementor-element elementor-element-907dc7f\" data-id=\"907dc7f\" data-element_type=\"column\" data-e-type=\"column\">\n\t\t\t<div class=\"elementor-widget-wrap elementor-element-populated\">\n\t\t\t\t\t\t<div class=\"elementor-element elementor-element-f0fd124 elementor-widget elementor-widget-wd_text_block\" data-id=\"f0fd124\" data-element_type=\"widget\" data-e-type=\"widget\" data-widget_type=\"wd_text_block.default\">\n\t\t\t\t<div class=\"elementor-widget-container\">\n\t\t\t\t\t\t\t<div class=\"wd-text-block reset-last-child text-left\">\n\t\t\t\n\t\t\t<h1 style=\"text-align: center;\">\n  <span style=\"font-size: 18pt; font-family: georgia, palatino, serif;\"><br \/>\n    <strong>Teklif Formu\u2019nda \u0130\u015flenen Ki\u015fisel Verilere \u0130li\u015fkin Ayd\u0131nlatma Metni<\/strong><br \/>\n  <\/span><br \/>\n<\/h1>\n<div style=\"font-size: 14pt; font-family: georgia, palatino, serif;\">\n<p style=\"font-size: 12pt; text-align: justify;\">\n    \u0130\u015fbu Ayd\u0131nlatma Metni, veri sorumlusu s\u0131fat\u0131yla hareket eden Net Aksesuar Bili\u015fim \u00dcr\u00fcnleri San. ve Tic. A.\u015e. taraf\u0131ndan,<br \/>\n    6698 say\u0131l\u0131 Ki\u015fisel Verilerin Korunmas\u0131 Kanunu\u2019nun (\u201cKVKK\u201d) 10. maddesi ile<br \/>\n    <em>Ayd\u0131nlatma Y\u00fck\u00fcml\u00fcl\u00fc\u011f\u00fcn\u00fcn Yerine Getirilmesinde Uyulacak Usul ve Esaslar Hakk\u0131nda Tebli\u011f<\/em><br \/>\n    \u00e7er\u00e7evesinde, ki\u015fisel verilerinizin i\u015flenme ama\u00e7lar\u0131, hukuki nedenleri, toplanma y\u00f6ntemi, kimlere aktar\u0131labilece\u011fi<br \/>\n    ve KVKK kapsam\u0131ndaki haklar\u0131n\u0131z konular\u0131na ili\u015fkin olarak sizleri bilgilendirmek amac\u0131yla haz\u0131rlanm\u0131\u015ft\u0131r.\n  <\/p>\n<p style=\"font-size: 12pt; text-align: justify;\">\n    \u0130nternet sitemizdeki Teklif Formu arac\u0131l\u0131\u011f\u0131yla payla\u015ft\u0131\u011f\u0131n\u0131z ad soyad, telefon, e-posta adresi, firma unvan\u0131 vb. ki\u015fisel verileriniz;<br \/>\n    \u015firketimiz taraf\u0131ndan sunulan \u00fcr\u00fcn ve hizmetlerden ilgili ki\u015fileri faydaland\u0131rmak i\u00e7in gerekli \u00e7al\u0131\u015fmalar\u0131n i\u015f birimleri taraf\u0131ndan yap\u0131lmas\u0131,<br \/>\n    ilgili i\u015f s\u00fcre\u00e7lerinin y\u00fcr\u00fct\u00fclmesi ve reklam ile kampanya faaliyetleri kapsam\u0131nda ticari elektronik ileti g\u00f6nderilebilmesi ama\u00e7lar\u0131yla i\u015flenmektedir.\n  <\/p>\n<p style=\"font-size: 12pt; text-align: justify;\">\n    S\u00f6z konusu ki\u015fisel veriler, KVKK\u2019n\u0131n 5. maddesinde yer alan<br \/>\n    \u201cbir s\u00f6zle\u015fmenin kurulmas\u0131 veya ifas\u0131yla do\u011frudan do\u011fruya ilgili olmas\u0131 kayd\u0131yla,<br \/>\n    s\u00f6zle\u015fmenin taraflar\u0131na ait ki\u015fisel verilerin i\u015flenmesinin gerekli olmas\u0131\u201d<br \/>\n    hukuki sebebine dayanarak ve ileti\u015fim bilgileriniz sizlere ticari elektronik ileti g\u00f6nderebilmek amac\u0131yla<br \/>\n    <u>a\u00e7\u0131k r\u0131zan\u0131za dayanarak<\/u> otomatik yolla i\u015flenmektedir.<br \/>\n    Bu veriler yaln\u0131zca hukuki uyu\u015fmazl\u0131k durumlar\u0131nda ilgili yarg\u0131 mercileriyle payla\u015f\u0131lacakt\u0131r.\n  <\/p>\n<p style=\"font-size: 12pt; text-align: justify;\">\n    Kanun\u2019un ilgili ki\u015finin haklar\u0131n\u0131 d\u00fczenleyen 11. maddesi kapsam\u0131ndaki taleplerinizi,<br \/>\n    \u201cVeri Sorumlusuna Ba\u015fvuru Usul ve Esaslar\u0131 Hakk\u0131nda Tebli\u011f\u201de g\u00f6re,<br \/>\n    Sultan Selim Mah. Turan Sokak No:21\/3 PK:34415 Ka\u011f\u0131thane \/ \u0130stanbul adresine yaz\u0131l\u0131 olarak g\u00f6nderebilir<br \/>\n    veya <a href=\"mailto:info@netbilisim-tr.com\">info@netbilisim-tr.com<\/a> e-posta adresine iletebilirsiniz.\n  <\/p>\n<p style=\"font-size: 12pt; text-align: justify;\">\n    Kullanabilece\u011finiz bir ba\u015fvuru formu sizi bilgilendirmek ve kolayl\u0131k sa\u011flamak ad\u0131na internet sitemizde yay\u0131nlanm\u0131\u015ft\u0131r.<br \/>\n    <a href=\"\/kvkk\/Veri-Sorumlusuna-Basvuru-Formu.pdf\" target=\"_blank\" rel=\"noopener\"><br \/>\n      <u>\u0130lgili formu g\u00f6r\u00fcnt\u00fclemek i\u00e7in t\u0131klay\u0131n\u0131z.<\/u><br \/>\n    <\/a>\n  <\/p>\n<\/div>\n\n\t\t\t\t\t<\/div>\n\t\t\t\t\t\t<\/div>\n\t\t\t\t<\/div>\n\t\t\t\t\t<\/div>\n\t\t<\/div>\n\t\t\t\t\t<\/div>\n\t\t<\/section>\n\t\t\t\t<\/div>\n\t\t","protected":false},"excerpt":{"rendered":"<p>Teklif Formu\u2019nda \u0130\u015flenen Ki\u015fisel Verilere \u0130li\u015fkin Ayd\u0131nlatma Metni \u0130\u015fbu Ayd\u0131nlatma Metni, veri sorumlusu s\u0131fat\u0131yla hareket eden Net Aksesuar Bili\u015fim \u00dcr\u00fcnleri<\/p>\n","protected":false},"author":1,"featured_media":0,"parent":0,"menu_order":0,"comment_status":"closed","ping_status":"closed","template":"","meta":{"footnotes":""},"class_list":["post-16540","page","type-page","status-publish","hentry"],"_links":{"self":[{"href":"https:\/\/www.bagseurope.com\/de\/wp-json\/wp\/v2\/pages\/16540","targetHints":{"allow":["GET"]}}],"collection":[{"href":"https:\/\/www.bagseurope.com\/de\/wp-json\/wp\/v2\/pages"}],"about":[{"href":"https:\/\/www.bagseurope.com\/de\/wp-json\/wp\/v2\/types\/page"}],"author":[{"embeddable":true,"href":"https:\/\/www.bagseurope.com\/de\/wp-json\/wp\/v2\/users\/1"}],"replies":[{"embeddable":true,"href":"https:\/\/www.bagseurope.com\/de\/wp-json\/wp\/v2\/comments?post=16540"}],"version-history":[{"count":10,"href":"https:\/\/www.bagseurope.com\/de\/wp-json\/wp\/v2\/pages\/16540\/revisions"}],"predecessor-version":[{"id":16578,"href":"https:\/\/www.bagseurope.com\/de\/wp-json\/wp\/v2\/pages\/16540\/revisions\/16578"}],"wp:attachment":[{"href":"https:\/\/www.bagseurope.com\/de\/wp-json\/wp\/v2\/media?parent=16540"}],"curies":[{"name":"wp","href":"https:\/\/api.w.org\/{rel}","templated":true}]}}