{"id":16542,"date":"2025-09-16T08:58:28","date_gmt":"2025-09-16T08:58:28","guid":{"rendered":"https:\/\/www.bagseurope.com\/?page_id=16542"},"modified":"2025-09-16T11:08:56","modified_gmt":"2025-09-16T11:08:56","slug":"data-owner-application-form","status":"publish","type":"page","link":"https:\/\/www.bagseurope.com\/de\/data-owner-application-form\/","title":{"rendered":"Data Owner Application Form"},"content":{"rendered":"\t\t<div data-elementor-type=\"wp-page\" data-elementor-id=\"16542\" class=\"elementor elementor-16542\">\n\t\t\t\t\t\t<section class=\"wd-negative-gap elementor-section elementor-top-section elementor-element elementor-element-848cffb elementor-section-boxed elementor-section-height-default elementor-section-height-default\" data-id=\"848cffb\" data-element_type=\"section\" data-e-type=\"section\">\n\t\t\t\t\t\t<div class=\"elementor-container elementor-column-gap-default\">\n\t\t\t\t\t<div class=\"elementor-column elementor-col-100 elementor-top-column elementor-element elementor-element-907dc7f\" data-id=\"907dc7f\" data-element_type=\"column\" data-e-type=\"column\">\n\t\t\t<div class=\"elementor-widget-wrap elementor-element-populated\">\n\t\t\t\t\t\t<div class=\"elementor-element elementor-element-529ff9d elementor-widget elementor-widget-wd_text_block\" data-id=\"529ff9d\" data-element_type=\"widget\" data-e-type=\"widget\" data-widget_type=\"wd_text_block.default\">\n\t\t\t\t<div class=\"elementor-widget-container\">\n\t\t\t\t\t\t\t<div class=\"wd-text-block reset-last-child text-left\">\n\t\t\t\n\t\t\t<h1 style=\"text-align: center;\">\n  <span style=\"font-size: 18pt; font-family: georgia, palatino, serif;\"><br \/>\n    <strong>Veri Sahibi Ba\u015fvuru Formu<\/strong><br \/>\n  <\/span><br \/>\n<\/h1>\n<div style=\"font-size: 14pt; font-family: georgia, palatino, serif;\">\n<p style=\"font-size: 12pt; text-align: justify;\">\n    Veri sahipleri, yukar\u0131da say\u0131lan haklar\u0131na ili\u015fkin taleplerini<br \/>\n    <a style=\"color: #0066cc; text-decoration: none;\" href=\"http:\/\/www.resmigazete.gov.tr\/eskiler\/2018\/03\/20180310-6.htm\" target=\"_blank\" rel=\"noopener\"><br \/>\n      Veri Sorumlusuna Ba\u015fvuru Usul ve Esaslar\u0131 Hakk\u0131nda Tebli\u011f<br \/>\n    <\/a><br \/>\n    \u2019de \u00f6ng\u00f6r\u00fclen ba\u015fvuru usullerine uygun olarak NET AKSESUAR B\u0130L\u0130\u015e\u0130M\u2019e iletebilir.<br \/>\n    Bu kapsamda a\u015fa\u011f\u0131da linkini payla\u015ft\u0131\u011f\u0131m\u0131z \u201c<strong>Ki\u015fisel Verilerin Korunmas\u0131 Ba\u015fvuru Formu<\/strong>\u201dnu doldurarak;<br \/>\n    \u015fahsen kimlik teyidi yapmak, iadeli taahh\u00fctl\u00fc posta veya noter arac\u0131l\u0131\u011f\u0131yla<br \/>\n    \u201cSultan Selim Mah. Turan Sokak No:21\/3 PK:34415 Ka\u011f\u0131thane \/ \u0130stanbul\u201d adresine g\u00f6ndermek<br \/>\n    veya <strong>netaksesuarbilisim@hs01.kep.tr<\/strong> adresinden kimlik teyitli bir \u015fekilde e-posta g\u00f6ndermek suretiyle taleplerinizi iletebilirsiniz.\n  <\/p>\n<p style=\"font-size: 12pt; text-align: justify;\">\n    NET AKSESUAR B\u0130L\u0130\u015e\u0130M, talebi niteli\u011fine g\u00f6re en k\u0131sa s\u00fcrede ve en ge\u00e7 30 (otuz) g\u00fcn i\u00e7inde \u00fccretsiz olarak sonu\u00e7land\u0131racakt\u0131r.<br \/>\n    Ancak, i\u015flemin ayr\u0131ca bir maliyeti gerektirmesi h\u00e2linde, NET AKSESUAR B\u0130L\u0130\u015e\u0130M,<br \/>\n    Ki\u015fisel Verileri Koruma Kurulu\u2019nca belirlenen tarifedeki \u00fccreti talep edebilecektir.<br \/>\n    Taleplerin al\u0131nmas\u0131, iletilmesi ve sonu\u00e7land\u0131r\u0131lmas\u0131na ili\u015fkin s\u00fcre\u00e7ler \u201c\u0130lgili Ki\u015fi Ba\u015fvuru S\u00fcreci\u201d uyar\u0131nca y\u00fcr\u00fct\u00fcl\u00fcr.\n  <\/p>\n<p style=\"font-size: 12pt; text-align: justify;\">\n    NET AKSESUAR B\u0130L\u0130\u015e\u0130M\u2019in t\u00fcm personeli, g\u00f6rev tan\u0131m\u0131 ne olursa olsun kendisine y\u00f6nelmi\u015f veri sahibi eri\u015fim taleplerinde,<br \/>\n    do\u011fru ba\u015fvuru y\u00f6ntemi konusunda veri sahiplerini y\u00f6nlendirmekle y\u00fck\u00fcml\u00fcd\u00fcr.<br \/>\n    Personel, veri sahiplerinden gelecek talepler konusunda nas\u0131l hareket etmeleri gerekti\u011fi hususunda<br \/>\n    Veri \u0130leti\u015fim Sorumlusu ile irtibat kuracakt\u0131r.\n  <\/p>\n<div style=\"text-align: center; margin-top: 20px;\">\n    <a style=\"font-size: 14pt;\" href=\"\/kvkk\/Veri-Sorumlusuna-Basvuru-Formu.pdf\" target=\"_blank\" rel=\"noopener\"><br \/>\n      <u>Ki\u015fisel Verilerin Korunmas\u0131 Ba\u015fvuru Formu<\/u><br \/>\n    <\/a>\n  <\/div>\n<\/div>\n\n\t\t\t\t\t<\/div>\n\t\t\t\t\t\t<\/div>\n\t\t\t\t<\/div>\n\t\t\t\t\t<\/div>\n\t\t<\/div>\n\t\t\t\t\t<\/div>\n\t\t<\/section>\n\t\t\t\t<\/div>\n\t\t","protected":false},"excerpt":{"rendered":"<p>Veri Sahibi Ba\u015fvuru Formu Veri sahipleri, yukar\u0131da say\u0131lan haklar\u0131na ili\u015fkin taleplerini Veri Sorumlusuna Ba\u015fvuru Usul ve Esaslar\u0131 Hakk\u0131nda Tebli\u011f \u2019de<\/p>\n","protected":false},"author":1,"featured_media":0,"parent":0,"menu_order":0,"comment_status":"closed","ping_status":"closed","template":"","meta":{"footnotes":""},"class_list":["post-16542","page","type-page","status-publish","hentry"],"_links":{"self":[{"href":"https:\/\/www.bagseurope.com\/de\/wp-json\/wp\/v2\/pages\/16542","targetHints":{"allow":["GET"]}}],"collection":[{"href":"https:\/\/www.bagseurope.com\/de\/wp-json\/wp\/v2\/pages"}],"about":[{"href":"https:\/\/www.bagseurope.com\/de\/wp-json\/wp\/v2\/types\/page"}],"author":[{"embeddable":true,"href":"https:\/\/www.bagseurope.com\/de\/wp-json\/wp\/v2\/users\/1"}],"replies":[{"embeddable":true,"href":"https:\/\/www.bagseurope.com\/de\/wp-json\/wp\/v2\/comments?post=16542"}],"version-history":[{"count":14,"href":"https:\/\/www.bagseurope.com\/de\/wp-json\/wp\/v2\/pages\/16542\/revisions"}],"predecessor-version":[{"id":16575,"href":"https:\/\/www.bagseurope.com\/de\/wp-json\/wp\/v2\/pages\/16542\/revisions\/16575"}],"wp:attachment":[{"href":"https:\/\/www.bagseurope.com\/de\/wp-json\/wp\/v2\/media?parent=16542"}],"curies":[{"name":"wp","href":"https:\/\/api.w.org\/{rel}","templated":true}]}}