{"id":16545,"date":"2025-09-16T08:58:58","date_gmt":"2025-09-16T08:58:58","guid":{"rendered":"https:\/\/www.bagseurope.com\/?page_id=16545"},"modified":"2025-09-16T11:10:04","modified_gmt":"2025-09-16T11:10:04","slug":"contact-form-information-text","status":"publish","type":"page","link":"https:\/\/www.bagseurope.com\/de\/contact-form-information-text\/","title":{"rendered":"Contact Form Information Text"},"content":{"rendered":"\t\t<div data-elementor-type=\"wp-page\" data-elementor-id=\"16545\" class=\"elementor elementor-16545\">\n\t\t\t\t\t\t<section class=\"wd-negative-gap elementor-section elementor-top-section elementor-element elementor-element-848cffb elementor-section-boxed elementor-section-height-default elementor-section-height-default\" data-id=\"848cffb\" data-element_type=\"section\" data-e-type=\"section\">\n\t\t\t\t\t\t<div class=\"elementor-container elementor-column-gap-default\">\n\t\t\t\t\t<div class=\"elementor-column elementor-col-100 elementor-top-column elementor-element elementor-element-907dc7f\" data-id=\"907dc7f\" data-element_type=\"column\" data-e-type=\"column\">\n\t\t\t<div class=\"elementor-widget-wrap elementor-element-populated\">\n\t\t\t\t\t\t<div class=\"elementor-element elementor-element-2ca9e0f elementor-widget elementor-widget-wd_text_block\" data-id=\"2ca9e0f\" data-element_type=\"widget\" data-e-type=\"widget\" data-widget_type=\"wd_text_block.default\">\n\t\t\t\t<div class=\"elementor-widget-container\">\n\t\t\t\t\t\t\t<div class=\"wd-text-block reset-last-child text-left\">\n\t\t\t\n\t\t\t<h1 style=\"text-align: center;\">\n  <span style=\"font-size: 18pt; font-family: georgia, palatino, serif;\"><br \/>\n    <strong>\u0130leti\u015fim Formunda \u0130\u015flenen Ki\u015fisel Verilere \u0130li\u015fkin Ayd\u0131nlatma Metni<\/strong><br \/>\n  <\/span><br \/>\n<\/h1>\n<div style=\"font-size: 14pt; font-family: georgia, palatino, serif;\">\n<p style=\"font-size: 12pt; text-align: justify;\">\n    \u0130\u015fbu Ayd\u0131nlatma Metni, veri sorumlusu s\u0131fat\u0131yla hareket eden Net Aksesuar Bili\u015fim \u00dcr\u00fcnleri San. ve Tic. A.\u015e. (\u201c<strong>Net Bili\u015fim<\/strong>\u201d) taraf\u0131ndan,<br \/>\n    6698 say\u0131l\u0131 Ki\u015fisel Verilerin Korunmas\u0131 Kanunu\u2019nun (\u201cKVKK\u201d) 10. maddesi ile<br \/>\n    <em>Ayd\u0131nlatma Y\u00fck\u00fcml\u00fcl\u00fc\u011f\u00fcn\u00fcn Yerine Getirilmesinde Uyulacak Usul ve Esaslar Hakk\u0131nda Tebli\u011f<\/em><br \/>\n    \u00e7er\u00e7evesinde, ki\u015fisel verilerinizin i\u015flenme ama\u00e7lar\u0131, hukuki nedenleri, toplanma y\u00f6ntemi, kimlere aktar\u0131labilece\u011fi<br \/>\n    ve KVKK kapsam\u0131ndaki haklar\u0131n\u0131z konular\u0131na ili\u015fkin olarak sizleri bilgilendirmek amac\u0131yla haz\u0131rlanm\u0131\u015ft\u0131r.\n  <\/p>\n<p style=\"font-size: 12pt; text-align: justify;\">\n    \u0130nternet sitemizdeki ileti\u015fim formu arac\u0131l\u0131\u011f\u0131yla payla\u015ft\u0131\u011f\u0131n\u0131z ad, soyad\u0131 ve e-posta ki\u015fisel verileriniz;<br \/>\n    \u015firketimiz taraf\u0131ndan sunulan \u00fcr\u00fcn ve hizmetlerden ilgili ki\u015fileri faydaland\u0131rmak i\u00e7in gerekli \u00e7al\u0131\u015fmalar\u0131n i\u015f birimleri taraf\u0131ndan yap\u0131lmas\u0131,<br \/>\n    ilgili i\u015f s\u00fcre\u00e7lerinin y\u00fcr\u00fct\u00fclmesi ve ba\u015fvuruda bulundu\u011funuz konu hakk\u0131nda sizinle ileti\u015fim kurulabilmesi ama\u00e7lar\u0131yla i\u015flenmektedir.<br \/>\n    Ayr\u0131ca i\u015fbu form ile payla\u015ft\u0131\u011f\u0131n\u0131z bilgiler \u00fczerinde mutlak bir kontrol\u00fcm\u00fcz bulunmamaktad\u0131r.<br \/>\n    Bilmemizi istemedi\u011finiz ki\u015fisel verilerinizi ve \u00f6zel nitelikli ki\u015fisel verilerinizi \u015eirketimizle payla\u015fmaman\u0131z\u0131 tavsiye ederiz.\n  <\/p>\n<p style=\"font-size: 12pt; text-align: justify;\">\n    S\u00f6z konusu ki\u015fisel veriler, KVKK\u2019n\u0131n 5. maddesinde yer alan<br \/>\n    \u201cilgili ki\u015finin temel hak ve \u00f6zg\u00fcrl\u00fcklerine zarar vermemek kayd\u0131yla, veri sorumlusunun me\u015fru menfaatleri i\u00e7in veri i\u015flenmesinin zorunlu olmas\u0131\u201d<br \/>\n    ve \u201cveri sorumlusunun hukuki y\u00fck\u00fcml\u00fcl\u00fc\u011f\u00fcn\u00fc yerine getirebilmesi i\u00e7in zorunlu olmas\u0131\u201d<br \/>\n    hukuki sebeplerine dayanarak otomatik yolla i\u015flenmektedir.<br \/>\n    Bu veriler yaln\u0131zca hukuki uyu\u015fmazl\u0131k durumlar\u0131nda ilgili yarg\u0131 mercileriyle payla\u015f\u0131lacakt\u0131r.\n  <\/p>\n<p style=\"font-size: 12pt; text-align: justify;\">\n    Kanun\u2019un ilgili ki\u015finin haklar\u0131n\u0131 d\u00fczenleyen 11. maddesi kapsam\u0131ndaki taleplerinizi,<br \/>\n    \u201cVeri Sorumlusuna Ba\u015fvuru Usul ve Esaslar\u0131 Hakk\u0131nda Tebli\u011f\u201de g\u00f6re,<br \/>\n    Sultan Selim Mah. Turan Sokak No:21\/3 PK:34415 Ka\u011f\u0131thane \/ \u0130stanbul adresine yaz\u0131l\u0131 olarak g\u00f6nderebilir<br \/>\n    veya <a href=\"mailto:info@netbilisim-tr.com\">info@netbilisim-tr.com<\/a> e-posta adresine iletebilirsiniz.\n  <\/p>\n<p style=\"font-size: 12pt; text-align: justify;\">\n    Kullanabilece\u011finiz bir ba\u015fvuru formu sizi bilgilendirmek ve kolayl\u0131k sa\u011flamak ad\u0131na internet sitemizde yay\u0131nlanm\u0131\u015ft\u0131r.<br \/>\n    <a href=\"https:\/\/www.netbilisim-tr.com\/kvkk\/Veri-Sorumlusuna-Basvuru-Formu.pdf\" target=\"_blank\" rel=\"noopener\"><br \/>\n      <u>\u0130lgili formu g\u00f6r\u00fcnt\u00fclemek i\u00e7in t\u0131klay\u0131n\u0131z.<\/u><br \/>\n    <\/a>\n  <\/p>\n<\/div>\n\n\t\t\t\t\t<\/div>\n\t\t\t\t\t\t<\/div>\n\t\t\t\t<\/div>\n\t\t\t\t<div class=\"elementor-element elementor-element-b45b9ff elementor-widget elementor-widget-html\" data-id=\"b45b9ff\" data-element_type=\"widget\" data-e-type=\"widget\" data-widget_type=\"html.default\">\n\t\t\t\t<div class=\"elementor-widget-container\">\n\t\t\t\t\t<h1 style=\"text-align: center;\"><span style=\"font-size: 18pt;\">\u0130LET\u0130\u015e\u0130M FORMUNDA \u0130\u015eLENEN K\u0130\u015e\u0130SEL VER\u0130LERE \u0130L\u0130\u015eK\u0130N<\/span>\r\n<span style=\"font-size: 18pt;\">AYDINLATMA METN\u0130<\/span><\/h1>\r\n<p style=\"text-align: center;\"><span style=\"font-family: georgia, palatino, serif; font-size: 12pt;\">\u0130\u015fbu ayd\u0131nlatma metni, veri sorumlusu s\u0131fat\u0131yla hareket eden Net Aksesuar Bili\u015fim \u00dcr\u00fcnleri San. Ve Tic. A.\u015e. (\u201c<strong>Net Bili\u015fim<\/strong>\u201d) taraf\u0131ndan, 6698 say\u0131l\u0131 Ki\u015fisel Verilerin Korunmas\u0131 Kanununun (\u201cKVKK\u201d) 10. maddesi ile Ayd\u0131nlatma Y\u00fck\u00fcml\u00fcl\u00fc\u011f\u00fcn\u00fcn Yerine Getirilmesinde Uyulacak Usul ve Esaslar Hakk\u0131nda Tebli\u011f \u00e7er\u00e7evesinde, ki\u015fisel verilerinizin i\u015flenme ama\u00e7lar\u0131, hukuki nedenleri, toplanma y\u00f6ntemi, kimlere aktar\u0131labilece\u011fi ve KVKK kapsam\u0131ndaki haklar\u0131n\u0131z konular\u0131na ili\u015fkin olarak sizleri bilgilendirmek amac\u0131yla haz\u0131rlanm\u0131\u015ft\u0131r.<\/span><\/p>\r\n&nbsp;\r\n\r\n<span style=\"font-family: georgia, palatino, serif; font-size: 12pt;\">\u0130nternet sitemizdeki ileti\u015fim formu arac\u0131l\u0131\u011f\u0131yla payla\u015ft\u0131\u011f\u0131n\u0131z ad, soyad\u0131 ve e-posta ki\u015fisel verileriniz, \u015firketimiz taraf\u0131ndan sunulan \u00fcr\u00fcn ve hizmetlerden ilgili ki\u015fileri faydaland\u0131rmak i\u00e7in gerekli \u00e7al\u0131\u015fmalar\u0131n i\u015f birimleri taraf\u0131ndan yap\u0131lmas\u0131, ilgili i\u015f s\u00fcre\u00e7lerinin y\u00fcr\u00fct\u00fclmesi ve ba\u015fvuruda bulundu\u011funuz konu hakk\u0131nda sizinle ileti\u015fim kurulabilmesi ama\u00e7lar\u0131yla i\u015flenmektedir. Ayr\u0131ca i\u015fbu form ile payla\u015ft\u0131\u011f\u0131n\u0131z bilgiler \u00fczerinde mutlak bir kontrol\u00fcm\u00fcz bulunmamaktad\u0131r. Bilmemizi istemedi\u011finiz ki\u015fisel verilerinizi ve \u00f6zel nitelikli ki\u015fisel verilerinizi \u015eirketimizle payla\u015fmaman\u0131z\u0131 tavsiye ederiz.<\/span>\r\n\r\n<span style=\"font-family: georgia, palatino, serif; font-size: 12pt;\">S\u00f6z konusu ki\u015fisel veriler, KVKK\u2019n\u0131n 5. maddesinde yer alan \u201cilgili ki\u015finin temel hak ve \u00f6zg\u00fcrl\u00fcklerine zarar vermemek kayd\u0131yla, veri sorumlusunun me\u015fru menfaatleri i\u00e7in veri i\u015flenmesinin zorunlu olmas\u0131\u201d ve \u201cveri sorumlusunun hukuki y\u00fck\u00fcml\u00fcl\u00fc\u011f\u00fcn\u00fc yerine getirebilmesi i\u00e7in zorunlu olmas\u0131\u201d hukuki sebeplerine dayanarak otomatik yolla i\u015flenmektedir ve sadece hukuki uyu\u015fmazl\u0131klarda ilgili yarg\u0131 mercileriyle payla\u015f\u0131lacakt\u0131r.<\/span>\r\n\r\n<span style=\"font-family: georgia, palatino, serif; font-size: 12pt;\">Kanunun ilgili ki\u015finin haklar\u0131n\u0131 d\u00fczenleyen 11. Maddesi kapsam\u0131ndaki taleplerinizi, \u201cVeri Sorumlusuna Ba\u015fvuru Usul ve Esaslar\u0131 Hakk\u0131nda Tebli\u011fe\u201d g\u00f6re, Sultan Selim Mah. Turan Sokak No:21\/3 Pk:34415 Ka\u011f\u0131thane \/ \u0130stanbul adresine yaz\u0131l\u0131 olarak g\u00f6nderebilir veya <a href=\"mailto:info@netbilisim-tr.com\">info@netbilisim-tr.com<\/a> \u00a0e-posta adresine iletebilirsiniz.<\/span>\r\n\r\n<span style=\"font-family: georgia, palatino, serif; font-size: 12pt;\">Kullanabilece\u011finiz bir ba\u015fvuru formu sizi bilgilendirmek ve sizlere kolayl\u0131k sa\u011flamak ad\u0131na internet sitemizde yay\u0131nlanm\u0131\u015ft\u0131r. <a href=\"https:\/\/www.netbilisim-tr.com\/kvkk\/Veri-Sorumlusuna-Basvuru-Formu.pdf\" target=\"_blank\" rel=\"noopener\"><u>\u0130lgili formu g\u00f6r\u00fcnt\u00fclemek i\u00e7in t\u0131klay\u0131n\u0131z.<\/u><\/a><\/span>\t\t\t\t<\/div>\n\t\t\t\t<\/div>\n\t\t\t\t\t<\/div>\n\t\t<\/div>\n\t\t\t\t\t<\/div>\n\t\t<\/section>\n\t\t\t\t<\/div>\n\t\t","protected":false},"excerpt":{"rendered":"<p>\u0130leti\u015fim Formunda \u0130\u015flenen Ki\u015fisel Verilere \u0130li\u015fkin Ayd\u0131nlatma Metni \u0130\u015fbu Ayd\u0131nlatma Metni, veri sorumlusu s\u0131fat\u0131yla hareket eden Net Aksesuar Bili\u015fim \u00dcr\u00fcnleri<\/p>\n","protected":false},"author":1,"featured_media":0,"parent":0,"menu_order":0,"comment_status":"closed","ping_status":"closed","template":"","meta":{"footnotes":""},"class_list":["post-16545","page","type-page","status-publish","hentry"],"_links":{"self":[{"href":"https:\/\/www.bagseurope.com\/de\/wp-json\/wp\/v2\/pages\/16545","targetHints":{"allow":["GET"]}}],"collection":[{"href":"https:\/\/www.bagseurope.com\/de\/wp-json\/wp\/v2\/pages"}],"about":[{"href":"https:\/\/www.bagseurope.com\/de\/wp-json\/wp\/v2\/types\/page"}],"author":[{"embeddable":true,"href":"https:\/\/www.bagseurope.com\/de\/wp-json\/wp\/v2\/users\/1"}],"replies":[{"embeddable":true,"href":"https:\/\/www.bagseurope.com\/de\/wp-json\/wp\/v2\/comments?post=16545"}],"version-history":[{"count":8,"href":"https:\/\/www.bagseurope.com\/de\/wp-json\/wp\/v2\/pages\/16545\/revisions"}],"predecessor-version":[{"id":16581,"href":"https:\/\/www.bagseurope.com\/de\/wp-json\/wp\/v2\/pages\/16545\/revisions\/16581"}],"wp:attachment":[{"href":"https:\/\/www.bagseurope.com\/de\/wp-json\/wp\/v2\/media?parent=16545"}],"curies":[{"name":"wp","href":"https:\/\/api.w.org\/{rel}","templated":true}]}}